{"id":32,"date":"2017-03-24T16:14:12","date_gmt":"2017-03-24T16:14:12","guid":{"rendered":"http:\/\/jaktupplevelser.nu\/?page_id=32"},"modified":"2022-12-25T12:44:57","modified_gmt":"2022-12-25T12:44:57","slug":"hem","status":"publish","type":"page","link":"https:\/\/jaktupplevelser.nu\/","title":{"rendered":"Hem"},"content":{"rendered":"<p>Vi arrangerar jaktupplevelser i Polen, genuin jakt p\u00e5 marker som har ett etablerat best\u00e5nd med viltart det \u00e4r fokus p\u00e5<\/p>\n<p>Du erbjuds en trevlig upplevelse i god kamratskap till marknadsm\u00e4ssigt pris. Vi jobbar n\u00e4ra med er och g\u00f6r v\u00e5rt yttersta att hitta skr\u00e4ddarsydda l\u00f6sningar som passar Er, vare sig ni \u00e4r sj\u00e4lv, n\u00e5gra kompisar, jaktlag eller f\u00f6retag. Flera av v\u00e5ra deltagare \u00e5terkommer \u00e5rligen, \u00e4ven hela grupper.<\/p>\n<p>Vad vill ni jaga och i vilken form?\u00a0 Vildsvin, kronhjort?<\/p>\n<p>Drevjakt som ger h\u00f6g puls med fartfyllda djur? Oavsett vad, s\u00e5 erbjuder vi en upplevelse,\u00a0 anpassad i st\u00f6rsta m\u00e5n efter dina \u00f6nskem\u00e5l<\/p>\n<p>Tidig v\u00e5r planeras hela jakts\u00e4songen och d\u00e4rf\u00f6r \u00e4r det viktigt ni \u00e4r ute i god tid f\u00f6r att s\u00e4kerst\u00e4lla din plats. Av erfarenhet v\u00e4ljer vi fr\u00e4mst att ha v\u00e5ra drevjakter i november och december m\u00e5nad.<\/p>\n<p>Vi \u00e4r vid behov \u00e4ven behj\u00e4lpliga med sj\u00e4lva resan, transfer och annat<\/p>\n<p><a href=\"https:\/\/jaktupplevelser.nu\/wp-content\/uploads\/2022\/12\/0-02-05-ddf75f9ef7aa43661c125fc5a891769fce0e5631a5b2e7f10244fc3e1ec55f49_127b46c854d5608.jpg\"><img loading=\"lazy\" decoding=\"async\" class=\"alignnone size-medium wp-image-261\" src=\"https:\/\/jaktupplevelser.nu\/wp-content\/uploads\/2022\/12\/0-02-05-ddf75f9ef7aa43661c125fc5a891769fce0e5631a5b2e7f10244fc3e1ec55f49_127b46c854d5608-300x225.jpg\" alt=\"Kort f\u00f6r tilldelning av pass vid drevjakt p\u00e5 vildsvin i Pollen\" width=\"300\" height=\"225\" srcset=\"https:\/\/jaktupplevelser.nu\/wp-content\/uploads\/2022\/12\/0-02-05-ddf75f9ef7aa43661c125fc5a891769fce0e5631a5b2e7f10244fc3e1ec55f49_127b46c854d5608-300x225.jpg 300w, https:\/\/jaktupplevelser.nu\/wp-content\/uploads\/2022\/12\/0-02-05-ddf75f9ef7aa43661c125fc5a891769fce0e5631a5b2e7f10244fc3e1ec55f49_127b46c854d5608-1024x768.jpg 1024w, https:\/\/jaktupplevelser.nu\/wp-content\/uploads\/2022\/12\/0-02-05-ddf75f9ef7aa43661c125fc5a891769fce0e5631a5b2e7f10244fc3e1ec55f49_127b46c854d5608-768x576.jpg 768w, https:\/\/jaktupplevelser.nu\/wp-content\/uploads\/2022\/12\/0-02-05-ddf75f9ef7aa43661c125fc5a891769fce0e5631a5b2e7f10244fc3e1ec55f49_127b46c854d5608-1536x1152.jpg 1536w, https:\/\/jaktupplevelser.nu\/wp-content\/uploads\/2022\/12\/0-02-05-ddf75f9ef7aa43661c125fc5a891769fce0e5631a5b2e7f10244fc3e1ec55f49_127b46c854d5608.jpg 1600w\" sizes=\"auto, (max-width: 300px) 100vw, 300px\" \/><\/a><\/p>\n","protected":false},"excerpt":{"rendered":"<p>Vi arrangerar jaktupplevelser i Polen, genuin jakt p\u00e5 marker som har ett etablerat best\u00e5nd med viltart det \u00e4r fokus p\u00e5 Du erbjuds en trevlig upplevelse i god kamratskap till marknadsm\u00e4ssigt pris. Vi jobbar n\u00e4ra med er och g\u00f6r v\u00e5rt yttersta att hitta skr\u00e4ddarsydda l\u00f6sningar som passar Er, vare sig ni \u00e4r sj\u00e4lv, n\u00e5gra kompisar, jaktlag &hellip; <\/p>\n<p class=\"link-more\"><a href=\"https:\/\/jaktupplevelser.nu\/\" class=\"more-link\">Forts\u00e4tt l\u00e4sa<span class=\"screen-reader-text\"> \u201dHem\u201d<\/span><\/a><\/p>\n","protected":false},"author":1,"featured_media":0,"parent":0,"menu_order":0,"comment_status":"closed","ping_status":"closed","template":"","meta":{"footnotes":""},"class_list":["post-32","page","type-page","status-publish","hentry"],"yoast_head":"<!-- This site is optimized with the Yoast SEO plugin v26.9 - https:\/\/yoast.com\/product\/yoast-seo-wordpress\/ -->\n<title>Hem - Jaktupplevelser i Polen<\/title>\n<meta name=\"description\" content=\"Jaktupplevelser i Polen arrangerar drevjakt fr\u00e4mst p\u00e5 vildsvin och kronhjort. Ut\u00f6ver det \u00e4ven brunstjakt p\u00e5 kronhjort.\" \/>\n<meta name=\"robots\" content=\"index, follow, max-snippet:-1, max-image-preview:large, max-video-preview:-1\" \/>\n<link rel=\"canonical\" href=\"https:\/\/jaktupplevelser.nu\/\" \/>\n<meta property=\"og:locale\" content=\"sv_SE\" \/>\n<meta property=\"og:type\" content=\"article\" \/>\n<meta property=\"og:title\" content=\"Hem - Jaktupplevelser i Polen\" \/>\n<meta property=\"og:description\" content=\"Jaktupplevelser i Polen arrangerar drevjakt fr\u00e4mst p\u00e5 vildsvin och kronhjort. Ut\u00f6ver det \u00e4ven brunstjakt p\u00e5 kronhjort.\" \/>\n<meta property=\"og:url\" content=\"https:\/\/jaktupplevelser.nu\/\" \/>\n<meta property=\"og:site_name\" content=\"Jaktupplevelser i Polen\" \/>\n<meta property=\"article:modified_time\" content=\"2022-12-25T12:44:57+00:00\" \/>\n<meta property=\"og:image\" content=\"https:\/\/jaktupplevelser.nu\/wp-content\/uploads\/2022\/12\/0-02-05-ddf75f9ef7aa43661c125fc5a891769fce0e5631a5b2e7f10244fc3e1ec55f49_127b46c854d5608-300x225.jpg\" \/>\n<meta name=\"twitter:card\" content=\"summary_large_image\" \/>\n<meta name=\"twitter:label1\" content=\"Ber\u00e4knad l\u00e4stid\" \/>\n\t<meta name=\"twitter:data1\" content=\"1 minut\" \/>\n<script type=\"application\/ld+json\" class=\"yoast-schema-graph\">{\"@context\":\"https:\/\/schema.org\",\"@graph\":[{\"@type\":\"WebPage\",\"@id\":\"https:\/\/jaktupplevelser.nu\/\",\"url\":\"https:\/\/jaktupplevelser.nu\/\",\"name\":\"Hem - Jaktupplevelser i Polen\",\"isPartOf\":{\"@id\":\"https:\/\/jaktupplevelser.nu\/#website\"},\"primaryImageOfPage\":{\"@id\":\"https:\/\/jaktupplevelser.nu\/#primaryimage\"},\"image\":{\"@id\":\"https:\/\/jaktupplevelser.nu\/#primaryimage\"},\"thumbnailUrl\":\"https:\/\/jaktupplevelser.nu\/wp-content\/uploads\/2022\/12\/0-02-05-ddf75f9ef7aa43661c125fc5a891769fce0e5631a5b2e7f10244fc3e1ec55f49_127b46c854d5608-300x225.jpg\",\"datePublished\":\"2017-03-24T16:14:12+00:00\",\"dateModified\":\"2022-12-25T12:44:57+00:00\",\"description\":\"Jaktupplevelser i Polen arrangerar drevjakt fr\u00e4mst p\u00e5 vildsvin och kronhjort. Ut\u00f6ver det \u00e4ven brunstjakt p\u00e5 kronhjort.\",\"breadcrumb\":{\"@id\":\"https:\/\/jaktupplevelser.nu\/#breadcrumb\"},\"inLanguage\":\"sv-SE\",\"potentialAction\":[{\"@type\":\"ReadAction\",\"target\":[\"https:\/\/jaktupplevelser.nu\/\"]}]},{\"@type\":\"ImageObject\",\"inLanguage\":\"sv-SE\",\"@id\":\"https:\/\/jaktupplevelser.nu\/#primaryimage\",\"url\":\"https:\/\/jaktupplevelser.nu\/wp-content\/uploads\/2022\/12\/0-02-05-ddf75f9ef7aa43661c125fc5a891769fce0e5631a5b2e7f10244fc3e1ec55f49_127b46c854d5608.jpg\",\"contentUrl\":\"https:\/\/jaktupplevelser.nu\/wp-content\/uploads\/2022\/12\/0-02-05-ddf75f9ef7aa43661c125fc5a891769fce0e5631a5b2e7f10244fc3e1ec55f49_127b46c854d5608.jpg\",\"width\":1600,\"height\":1200,\"caption\":\"Kort f\u00f6r tilldelning av pass vid drevjakt p\u00e5 vildsvin i Pollen\"},{\"@type\":\"BreadcrumbList\",\"@id\":\"https:\/\/jaktupplevelser.nu\/#breadcrumb\",\"itemListElement\":[{\"@type\":\"ListItem\",\"position\":1,\"name\":\"Hem\",\"item\":\"https:\/\/jaktupplevelser.nu\/\"},{\"@type\":\"ListItem\",\"position\":2,\"name\":\"Hem\"}]},{\"@type\":\"WebSite\",\"@id\":\"https:\/\/jaktupplevelser.nu\/#website\",\"url\":\"https:\/\/jaktupplevelser.nu\/\",\"name\":\"Jaktupplevelser i Polen\",\"description\":\"Vildsvin och kronhjortsjakt\",\"publisher\":{\"@id\":\"https:\/\/jaktupplevelser.nu\/#organization\"},\"potentialAction\":[{\"@type\":\"SearchAction\",\"target\":{\"@type\":\"EntryPoint\",\"urlTemplate\":\"https:\/\/jaktupplevelser.nu\/?s={search_term_string}\"},\"query-input\":{\"@type\":\"PropertyValueSpecification\",\"valueRequired\":true,\"valueName\":\"search_term_string\"}}],\"inLanguage\":\"sv-SE\"},{\"@type\":\"Organization\",\"@id\":\"https:\/\/jaktupplevelser.nu\/#organization\",\"name\":\"Jaktupplevelser i Polen\",\"url\":\"https:\/\/jaktupplevelser.nu\/\",\"logo\":{\"@type\":\"ImageObject\",\"inLanguage\":\"sv-SE\",\"@id\":\"https:\/\/jaktupplevelser.nu\/#\/schema\/logo\/image\/\",\"url\":\"https:\/\/jaktupplevelser.nu\/wp-content\/uploads\/2017\/03\/cropped-Vinter-2-1.jpg\",\"contentUrl\":\"https:\/\/jaktupplevelser.nu\/wp-content\/uploads\/2017\/03\/cropped-Vinter-2-1.jpg\",\"width\":193,\"height\":250,\"caption\":\"Jaktupplevelser i Polen\"},\"image\":{\"@id\":\"https:\/\/jaktupplevelser.nu\/#\/schema\/logo\/image\/\"}}]}<\/script>\n<!-- \/ Yoast SEO plugin. -->","yoast_head_json":{"title":"Hem - Jaktupplevelser i Polen","description":"Jaktupplevelser i Polen arrangerar drevjakt fr\u00e4mst p\u00e5 vildsvin och kronhjort. Ut\u00f6ver det \u00e4ven brunstjakt p\u00e5 kronhjort.","robots":{"index":"index","follow":"follow","max-snippet":"max-snippet:-1","max-image-preview":"max-image-preview:large","max-video-preview":"max-video-preview:-1"},"canonical":"https:\/\/jaktupplevelser.nu\/","og_locale":"sv_SE","og_type":"article","og_title":"Hem - Jaktupplevelser i Polen","og_description":"Jaktupplevelser i Polen arrangerar drevjakt fr\u00e4mst p\u00e5 vildsvin och kronhjort. Ut\u00f6ver det \u00e4ven brunstjakt p\u00e5 kronhjort.","og_url":"https:\/\/jaktupplevelser.nu\/","og_site_name":"Jaktupplevelser i Polen","article_modified_time":"2022-12-25T12:44:57+00:00","og_image":[{"url":"https:\/\/jaktupplevelser.nu\/wp-content\/uploads\/2022\/12\/0-02-05-ddf75f9ef7aa43661c125fc5a891769fce0e5631a5b2e7f10244fc3e1ec55f49_127b46c854d5608-300x225.jpg","type":"","width":"","height":""}],"twitter_card":"summary_large_image","twitter_misc":{"Ber\u00e4knad l\u00e4stid":"1 minut"},"schema":{"@context":"https:\/\/schema.org","@graph":[{"@type":"WebPage","@id":"https:\/\/jaktupplevelser.nu\/","url":"https:\/\/jaktupplevelser.nu\/","name":"Hem - Jaktupplevelser i Polen","isPartOf":{"@id":"https:\/\/jaktupplevelser.nu\/#website"},"primaryImageOfPage":{"@id":"https:\/\/jaktupplevelser.nu\/#primaryimage"},"image":{"@id":"https:\/\/jaktupplevelser.nu\/#primaryimage"},"thumbnailUrl":"https:\/\/jaktupplevelser.nu\/wp-content\/uploads\/2022\/12\/0-02-05-ddf75f9ef7aa43661c125fc5a891769fce0e5631a5b2e7f10244fc3e1ec55f49_127b46c854d5608-300x225.jpg","datePublished":"2017-03-24T16:14:12+00:00","dateModified":"2022-12-25T12:44:57+00:00","description":"Jaktupplevelser i Polen arrangerar drevjakt fr\u00e4mst p\u00e5 vildsvin och kronhjort. Ut\u00f6ver det \u00e4ven brunstjakt p\u00e5 kronhjort.","breadcrumb":{"@id":"https:\/\/jaktupplevelser.nu\/#breadcrumb"},"inLanguage":"sv-SE","potentialAction":[{"@type":"ReadAction","target":["https:\/\/jaktupplevelser.nu\/"]}]},{"@type":"ImageObject","inLanguage":"sv-SE","@id":"https:\/\/jaktupplevelser.nu\/#primaryimage","url":"https:\/\/jaktupplevelser.nu\/wp-content\/uploads\/2022\/12\/0-02-05-ddf75f9ef7aa43661c125fc5a891769fce0e5631a5b2e7f10244fc3e1ec55f49_127b46c854d5608.jpg","contentUrl":"https:\/\/jaktupplevelser.nu\/wp-content\/uploads\/2022\/12\/0-02-05-ddf75f9ef7aa43661c125fc5a891769fce0e5631a5b2e7f10244fc3e1ec55f49_127b46c854d5608.jpg","width":1600,"height":1200,"caption":"Kort f\u00f6r tilldelning av pass vid drevjakt p\u00e5 vildsvin i Pollen"},{"@type":"BreadcrumbList","@id":"https:\/\/jaktupplevelser.nu\/#breadcrumb","itemListElement":[{"@type":"ListItem","position":1,"name":"Hem","item":"https:\/\/jaktupplevelser.nu\/"},{"@type":"ListItem","position":2,"name":"Hem"}]},{"@type":"WebSite","@id":"https:\/\/jaktupplevelser.nu\/#website","url":"https:\/\/jaktupplevelser.nu\/","name":"Jaktupplevelser i Polen","description":"Vildsvin och kronhjortsjakt","publisher":{"@id":"https:\/\/jaktupplevelser.nu\/#organization"},"potentialAction":[{"@type":"SearchAction","target":{"@type":"EntryPoint","urlTemplate":"https:\/\/jaktupplevelser.nu\/?s={search_term_string}"},"query-input":{"@type":"PropertyValueSpecification","valueRequired":true,"valueName":"search_term_string"}}],"inLanguage":"sv-SE"},{"@type":"Organization","@id":"https:\/\/jaktupplevelser.nu\/#organization","name":"Jaktupplevelser i Polen","url":"https:\/\/jaktupplevelser.nu\/","logo":{"@type":"ImageObject","inLanguage":"sv-SE","@id":"https:\/\/jaktupplevelser.nu\/#\/schema\/logo\/image\/","url":"https:\/\/jaktupplevelser.nu\/wp-content\/uploads\/2017\/03\/cropped-Vinter-2-1.jpg","contentUrl":"https:\/\/jaktupplevelser.nu\/wp-content\/uploads\/2017\/03\/cropped-Vinter-2-1.jpg","width":193,"height":250,"caption":"Jaktupplevelser i Polen"},"image":{"@id":"https:\/\/jaktupplevelser.nu\/#\/schema\/logo\/image\/"}}]}},"_links":{"self":[{"href":"https:\/\/jaktupplevelser.nu\/index.php?rest_route=\/wp\/v2\/pages\/32","targetHints":{"allow":["GET"]}}],"collection":[{"href":"https:\/\/jaktupplevelser.nu\/index.php?rest_route=\/wp\/v2\/pages"}],"about":[{"href":"https:\/\/jaktupplevelser.nu\/index.php?rest_route=\/wp\/v2\/types\/page"}],"author":[{"embeddable":true,"href":"https:\/\/jaktupplevelser.nu\/index.php?rest_route=\/wp\/v2\/users\/1"}],"replies":[{"embeddable":true,"href":"https:\/\/jaktupplevelser.nu\/index.php?rest_route=%2Fwp%2Fv2%2Fcomments&post=32"}],"version-history":[{"count":25,"href":"https:\/\/jaktupplevelser.nu\/index.php?rest_route=\/wp\/v2\/pages\/32\/revisions"}],"predecessor-version":[{"id":296,"href":"https:\/\/jaktupplevelser.nu\/index.php?rest_route=\/wp\/v2\/pages\/32\/revisions\/296"}],"wp:attachment":[{"href":"https:\/\/jaktupplevelser.nu\/index.php?rest_route=%2Fwp%2Fv2%2Fmedia&parent=32"}],"curies":[{"name":"wp","href":"https:\/\/api.w.org\/{rel}","templated":true}]}}