{"id":36,"date":"2017-03-24T16:11:54","date_gmt":"2017-03-24T16:11:54","guid":{"rendered":"http:\/\/jaktupplevelser.nu\/?page_id=36"},"modified":"2022-12-25T09:46:49","modified_gmt":"2022-12-25T09:46:49","slug":"bokning-betalning","status":"publish","type":"page","link":"https:\/\/jaktupplevelser.nu\/?page_id=36","title":{"rendered":"Bokning &#038; Betalning"},"content":{"rendered":"<p>Vid bokning, som \u00e4r bindande, debiteras en bokningsavgift p\u00e5 6 000:- som ska betalas inom 10 dagar. Denna avgift s\u00e4kerst\u00e4ller Er bokning &amp; plats av resan, samt att ni tagit del och accepterat villkoren f\u00f6r avsedd resa. Resterande belopp ska betalas senast 60 dagar f\u00f6re avresedatum. \u00c4r restbeloppet inte inbetalt tills dess, \u00e4ger vi r\u00e4tt att annullera avtalet. Den inbetalda bokningsavgiften \u00e4r i s\u00e5 fall f\u00f6rlorad. Om det \u00e4r mindre \u00e4n 60 dagar mellan bokningen och resan betalas hela fakturabeloppet vid bokningen. Ange faktura # \/ namn vid inbetalning. Kostnad f\u00f6r trof\u00e9 enligt prislistan, faktureras direkt vid hemkomst.<\/p>\n<p>Vi tar emot betalning via<span style=\"color: #0000ff;\">&nbsp;<strong><a style=\"color: #0000ff;\" href=\"https:\/\/www.getswish.se\/\" target=\"_blank\" rel=\"noopener noreferrer\">Swish<\/a><\/strong><\/span> <em>&nbsp;<\/em>eller bankgiro.<\/p>\n<p>Bokning skickas till: <span style=\"color: #0000ff;\">info (at) jaktupplevelser.nu<\/span><\/p>\n<p><a href=\"https:\/\/jaktupplevelser.nu\/wp-content\/uploads\/2017\/06\/swish_logo_primary_RGB.png\"><img loading=\"lazy\" decoding=\"async\" class=\"alignnone size-medium wp-image-93\" src=\"https:\/\/jaktupplevelser.nu\/wp-content\/uploads\/2017\/06\/swish_logo_primary_RGB-227x300.png\" alt=\"\" width=\"227\" height=\"300\" srcset=\"https:\/\/jaktupplevelser.nu\/wp-content\/uploads\/2017\/06\/swish_logo_primary_RGB-227x300.png 227w, https:\/\/jaktupplevelser.nu\/wp-content\/uploads\/2017\/06\/swish_logo_primary_RGB-768x1015.png 768w, https:\/\/jaktupplevelser.nu\/wp-content\/uploads\/2017\/06\/swish_logo_primary_RGB-775x1024.png 775w, https:\/\/jaktupplevelser.nu\/wp-content\/uploads\/2017\/06\/swish_logo_primary_RGB.png 1847w\" sizes=\"auto, (max-width: 227px) 100vw, 227px\" \/><\/a><\/p>\n","protected":false},"excerpt":{"rendered":"<p>Vid bokning, som \u00e4r bindande, debiteras en bokningsavgift p\u00e5 6 000:- som ska betalas inom 10 dagar. Denna avgift s\u00e4kerst\u00e4ller Er bokning &amp; plats av resan, samt att ni tagit del och accepterat villkoren f\u00f6r avsedd resa. Resterande belopp ska betalas senast 60 dagar f\u00f6re avresedatum. \u00c4r restbeloppet inte inbetalt tills dess, \u00e4ger vi r\u00e4tt &hellip; <\/p>\n<p class=\"link-more\"><a href=\"https:\/\/jaktupplevelser.nu\/?page_id=36\" class=\"more-link\">Forts\u00e4tt l\u00e4sa<span class=\"screen-reader-text\"> \u201dBokning &#038; Betalning\u201d<\/span><\/a><\/p>\n","protected":false},"author":1,"featured_media":0,"parent":0,"menu_order":0,"comment_status":"closed","ping_status":"closed","template":"","meta":{"footnotes":""},"class_list":["post-36","page","type-page","status-publish","hentry"],"yoast_head":"<!-- This site is optimized with the Yoast SEO plugin v26.9 - https:\/\/yoast.com\/product\/yoast-seo-wordpress\/ -->\n<title>Bokning &amp; Betalning - Jaktupplevelser i Polen<\/title>\n<meta name=\"description\" content=\"Vill du ha vara med p\u00e5 en drevjakt p\u00e5 vildsvin och kronvilt? Kontakta oss redan idag f\u00f6r att boka din jaktupplevelse i Polen\" \/>\n<meta name=\"robots\" content=\"index, follow, max-snippet:-1, max-image-preview:large, max-video-preview:-1\" \/>\n<link rel=\"canonical\" href=\"https:\/\/jaktupplevelser.nu\/?page_id=36\" \/>\n<meta property=\"og:locale\" content=\"sv_SE\" \/>\n<meta property=\"og:type\" content=\"article\" \/>\n<meta property=\"og:title\" content=\"Bokning &amp; Betalning - Jaktupplevelser i Polen\" \/>\n<meta property=\"og:description\" content=\"Vill du ha vara med p\u00e5 en drevjakt p\u00e5 vildsvin och kronvilt? Kontakta oss redan idag f\u00f6r att boka din jaktupplevelse i Polen\" \/>\n<meta property=\"og:url\" content=\"https:\/\/jaktupplevelser.nu\/?page_id=36\" \/>\n<meta property=\"og:site_name\" content=\"Jaktupplevelser i Polen\" \/>\n<meta property=\"article:modified_time\" content=\"2022-12-25T09:46:49+00:00\" \/>\n<meta property=\"og:image\" content=\"http:\/\/jaktupplevelser.nu\/wp-content\/uploads\/2017\/06\/swish_logo_primary_RGB-227x300.png\" \/>\n<meta name=\"twitter:card\" content=\"summary_large_image\" \/>\n<meta name=\"twitter:label1\" content=\"Ber\u00e4knad l\u00e4stid\" \/>\n\t<meta name=\"twitter:data1\" content=\"1 minut\" \/>\n<script type=\"application\/ld+json\" class=\"yoast-schema-graph\">{\"@context\":\"https:\/\/schema.org\",\"@graph\":[{\"@type\":\"WebPage\",\"@id\":\"https:\/\/jaktupplevelser.nu\/?page_id=36\",\"url\":\"https:\/\/jaktupplevelser.nu\/?page_id=36\",\"name\":\"Bokning & Betalning - Jaktupplevelser i Polen\",\"isPartOf\":{\"@id\":\"https:\/\/jaktupplevelser.nu\/#website\"},\"primaryImageOfPage\":{\"@id\":\"https:\/\/jaktupplevelser.nu\/?page_id=36#primaryimage\"},\"image\":{\"@id\":\"https:\/\/jaktupplevelser.nu\/?page_id=36#primaryimage\"},\"thumbnailUrl\":\"http:\/\/jaktupplevelser.nu\/wp-content\/uploads\/2017\/06\/swish_logo_primary_RGB-227x300.png\",\"datePublished\":\"2017-03-24T16:11:54+00:00\",\"dateModified\":\"2022-12-25T09:46:49+00:00\",\"description\":\"Vill du ha vara med p\u00e5 en drevjakt p\u00e5 vildsvin och kronvilt? Kontakta oss redan idag f\u00f6r att boka din jaktupplevelse i Polen\",\"breadcrumb\":{\"@id\":\"https:\/\/jaktupplevelser.nu\/?page_id=36#breadcrumb\"},\"inLanguage\":\"sv-SE\",\"potentialAction\":[{\"@type\":\"ReadAction\",\"target\":[\"https:\/\/jaktupplevelser.nu\/?page_id=36\"]}]},{\"@type\":\"ImageObject\",\"inLanguage\":\"sv-SE\",\"@id\":\"https:\/\/jaktupplevelser.nu\/?page_id=36#primaryimage\",\"url\":\"http:\/\/jaktupplevelser.nu\/wp-content\/uploads\/2017\/06\/swish_logo_primary_RGB-227x300.png\",\"contentUrl\":\"http:\/\/jaktupplevelser.nu\/wp-content\/uploads\/2017\/06\/swish_logo_primary_RGB-227x300.png\"},{\"@type\":\"BreadcrumbList\",\"@id\":\"https:\/\/jaktupplevelser.nu\/?page_id=36#breadcrumb\",\"itemListElement\":[{\"@type\":\"ListItem\",\"position\":1,\"name\":\"Hem\",\"item\":\"https:\/\/jaktupplevelser.nu\/\"},{\"@type\":\"ListItem\",\"position\":2,\"name\":\"Bokning &#038; Betalning\"}]},{\"@type\":\"WebSite\",\"@id\":\"https:\/\/jaktupplevelser.nu\/#website\",\"url\":\"https:\/\/jaktupplevelser.nu\/\",\"name\":\"Jaktupplevelser i Polen\",\"description\":\"Vildsvin och kronhjortsjakt\",\"publisher\":{\"@id\":\"https:\/\/jaktupplevelser.nu\/#organization\"},\"potentialAction\":[{\"@type\":\"SearchAction\",\"target\":{\"@type\":\"EntryPoint\",\"urlTemplate\":\"https:\/\/jaktupplevelser.nu\/?s={search_term_string}\"},\"query-input\":{\"@type\":\"PropertyValueSpecification\",\"valueRequired\":true,\"valueName\":\"search_term_string\"}}],\"inLanguage\":\"sv-SE\"},{\"@type\":\"Organization\",\"@id\":\"https:\/\/jaktupplevelser.nu\/#organization\",\"name\":\"Jaktupplevelser i Polen\",\"url\":\"https:\/\/jaktupplevelser.nu\/\",\"logo\":{\"@type\":\"ImageObject\",\"inLanguage\":\"sv-SE\",\"@id\":\"https:\/\/jaktupplevelser.nu\/#\/schema\/logo\/image\/\",\"url\":\"https:\/\/jaktupplevelser.nu\/wp-content\/uploads\/2017\/03\/cropped-Vinter-2-1.jpg\",\"contentUrl\":\"https:\/\/jaktupplevelser.nu\/wp-content\/uploads\/2017\/03\/cropped-Vinter-2-1.jpg\",\"width\":193,\"height\":250,\"caption\":\"Jaktupplevelser i Polen\"},\"image\":{\"@id\":\"https:\/\/jaktupplevelser.nu\/#\/schema\/logo\/image\/\"}}]}<\/script>\n<!-- \/ Yoast SEO plugin. -->","yoast_head_json":{"title":"Bokning & Betalning - Jaktupplevelser i Polen","description":"Vill du ha vara med p\u00e5 en drevjakt p\u00e5 vildsvin och kronvilt? Kontakta oss redan idag f\u00f6r att boka din jaktupplevelse i Polen","robots":{"index":"index","follow":"follow","max-snippet":"max-snippet:-1","max-image-preview":"max-image-preview:large","max-video-preview":"max-video-preview:-1"},"canonical":"https:\/\/jaktupplevelser.nu\/?page_id=36","og_locale":"sv_SE","og_type":"article","og_title":"Bokning & Betalning - Jaktupplevelser i Polen","og_description":"Vill du ha vara med p\u00e5 en drevjakt p\u00e5 vildsvin och kronvilt? Kontakta oss redan idag f\u00f6r att boka din jaktupplevelse i Polen","og_url":"https:\/\/jaktupplevelser.nu\/?page_id=36","og_site_name":"Jaktupplevelser i Polen","article_modified_time":"2022-12-25T09:46:49+00:00","og_image":[{"url":"http:\/\/jaktupplevelser.nu\/wp-content\/uploads\/2017\/06\/swish_logo_primary_RGB-227x300.png","type":"","width":"","height":""}],"twitter_card":"summary_large_image","twitter_misc":{"Ber\u00e4knad l\u00e4stid":"1 minut"},"schema":{"@context":"https:\/\/schema.org","@graph":[{"@type":"WebPage","@id":"https:\/\/jaktupplevelser.nu\/?page_id=36","url":"https:\/\/jaktupplevelser.nu\/?page_id=36","name":"Bokning & Betalning - Jaktupplevelser i Polen","isPartOf":{"@id":"https:\/\/jaktupplevelser.nu\/#website"},"primaryImageOfPage":{"@id":"https:\/\/jaktupplevelser.nu\/?page_id=36#primaryimage"},"image":{"@id":"https:\/\/jaktupplevelser.nu\/?page_id=36#primaryimage"},"thumbnailUrl":"http:\/\/jaktupplevelser.nu\/wp-content\/uploads\/2017\/06\/swish_logo_primary_RGB-227x300.png","datePublished":"2017-03-24T16:11:54+00:00","dateModified":"2022-12-25T09:46:49+00:00","description":"Vill du ha vara med p\u00e5 en drevjakt p\u00e5 vildsvin och kronvilt? Kontakta oss redan idag f\u00f6r att boka din jaktupplevelse i Polen","breadcrumb":{"@id":"https:\/\/jaktupplevelser.nu\/?page_id=36#breadcrumb"},"inLanguage":"sv-SE","potentialAction":[{"@type":"ReadAction","target":["https:\/\/jaktupplevelser.nu\/?page_id=36"]}]},{"@type":"ImageObject","inLanguage":"sv-SE","@id":"https:\/\/jaktupplevelser.nu\/?page_id=36#primaryimage","url":"http:\/\/jaktupplevelser.nu\/wp-content\/uploads\/2017\/06\/swish_logo_primary_RGB-227x300.png","contentUrl":"http:\/\/jaktupplevelser.nu\/wp-content\/uploads\/2017\/06\/swish_logo_primary_RGB-227x300.png"},{"@type":"BreadcrumbList","@id":"https:\/\/jaktupplevelser.nu\/?page_id=36#breadcrumb","itemListElement":[{"@type":"ListItem","position":1,"name":"Hem","item":"https:\/\/jaktupplevelser.nu\/"},{"@type":"ListItem","position":2,"name":"Bokning &#038; Betalning"}]},{"@type":"WebSite","@id":"https:\/\/jaktupplevelser.nu\/#website","url":"https:\/\/jaktupplevelser.nu\/","name":"Jaktupplevelser i Polen","description":"Vildsvin och kronhjortsjakt","publisher":{"@id":"https:\/\/jaktupplevelser.nu\/#organization"},"potentialAction":[{"@type":"SearchAction","target":{"@type":"EntryPoint","urlTemplate":"https:\/\/jaktupplevelser.nu\/?s={search_term_string}"},"query-input":{"@type":"PropertyValueSpecification","valueRequired":true,"valueName":"search_term_string"}}],"inLanguage":"sv-SE"},{"@type":"Organization","@id":"https:\/\/jaktupplevelser.nu\/#organization","name":"Jaktupplevelser i Polen","url":"https:\/\/jaktupplevelser.nu\/","logo":{"@type":"ImageObject","inLanguage":"sv-SE","@id":"https:\/\/jaktupplevelser.nu\/#\/schema\/logo\/image\/","url":"https:\/\/jaktupplevelser.nu\/wp-content\/uploads\/2017\/03\/cropped-Vinter-2-1.jpg","contentUrl":"https:\/\/jaktupplevelser.nu\/wp-content\/uploads\/2017\/03\/cropped-Vinter-2-1.jpg","width":193,"height":250,"caption":"Jaktupplevelser i Polen"},"image":{"@id":"https:\/\/jaktupplevelser.nu\/#\/schema\/logo\/image\/"}}]}},"_links":{"self":[{"href":"https:\/\/jaktupplevelser.nu\/index.php?rest_route=\/wp\/v2\/pages\/36","targetHints":{"allow":["GET"]}}],"collection":[{"href":"https:\/\/jaktupplevelser.nu\/index.php?rest_route=\/wp\/v2\/pages"}],"about":[{"href":"https:\/\/jaktupplevelser.nu\/index.php?rest_route=\/wp\/v2\/types\/page"}],"author":[{"embeddable":true,"href":"https:\/\/jaktupplevelser.nu\/index.php?rest_route=\/wp\/v2\/users\/1"}],"replies":[{"embeddable":true,"href":"https:\/\/jaktupplevelser.nu\/index.php?rest_route=%2Fwp%2Fv2%2Fcomments&post=36"}],"version-history":[{"count":18,"href":"https:\/\/jaktupplevelser.nu\/index.php?rest_route=\/wp\/v2\/pages\/36\/revisions"}],"predecessor-version":[{"id":255,"href":"https:\/\/jaktupplevelser.nu\/index.php?rest_route=\/wp\/v2\/pages\/36\/revisions\/255"}],"wp:attachment":[{"href":"https:\/\/jaktupplevelser.nu\/index.php?rest_route=%2Fwp%2Fv2%2Fmedia&parent=36"}],"curies":[{"name":"wp","href":"https:\/\/api.w.org\/{rel}","templated":true}]}}