{"id":40,"date":"2017-03-24T16:13:55","date_gmt":"2017-03-24T16:13:55","guid":{"rendered":"http:\/\/jaktupplevelser.nu\/?page_id=40"},"modified":"2022-12-25T10:15:35","modified_gmt":"2022-12-25T10:15:35","slug":"villkor","status":"publish","type":"page","link":"https:\/\/jaktupplevelser.nu\/?page_id=40","title":{"rendered":"Villkor"},"content":{"rendered":"<p>Som researrang\u00f6r omfattas v\u00e5ra resor av resegarantilagen samt lagen om paketresor<\/p>\n<p>Resegarantilag (1972:204)<\/p>\n<p><span style=\"color: #0000ff;\"><strong><a style=\"color: #0000ff;\" title=\"Resegarantilag\" href=\"http:\/\/www.riksdagen.se\/sv\/Dokument-Lagar\/Lagar\/Svenskforfattningssamling\/Resegarantilag-1972204_sfs-1972-204\/\" target=\"_blank\" rel=\"noopener noreferrer\">http:\/\/www.riksdagen.se\/sv\/Dokument-Lagar\/Lagar\/Svenskforfattningssamling\/Resegarantilag-1972204_sfs-1972-204\/<\/a><\/strong><\/span><\/p>\n<p>Lag (1992:1672) om paketresor<\/p>\n<p><span style=\"color: #0000ff;\"><strong><a style=\"color: #0000ff;\" title=\"Lag om paketresor\" href=\"http:\/\/www.riksdagen.se\/sv\/Dokument-Lagar\/Lagar\/Svenskforfattningssamling\/Lag-19921672-om-paketresor_sfs-1992-1672\/?bet=1992%3A1672http:\/\/\" target=\"_blank\" rel=\"noopener noreferrer\">http:\/\/www.riksdagen.se\/sv\/Dokument-Lagar\/Lagar\/Svenskforfattningssamling\/Lag-19921672-om-paketresor_sfs-1992-1672\/?bet=1992%3A1672<\/a><\/strong><\/span><\/p>\n<p><strong>Avbest\u00e4llning<\/strong><\/p>\n<p>V\u00e5r partner kr\u00e4ver en deposition vid bokning som inte \u00e4r \u00e5terbetalbar,\u00a0 varp\u00e5 inbetald deposition inte \u00e4r \u00e5terbetalbar vid eventuell avbest\u00e4llning. Skulle force majeure tr\u00e4da i kraft, \u00e5terbetalas hela beloppet<\/p>\n<p>Om kunden av n\u00e5gon orsak, som inte t\u00e4cks av dennes f\u00f6rs\u00e4kring, inte vill genomf\u00f6ra resan till fullo, kan ingen \u00e5terbetalning av mellanskillnad g\u00f6ras<\/p>\n<p><strong>F\u00f6rs\u00e4kring<\/strong><\/p>\n<p>Vi har giltig f\u00f6rs\u00e4kring hos IF som <em>Resebyr\u00e5 f\u00f6r upplevelseresor<\/em> och rekommenderar att man alltid kontrollerar sin arrang\u00f6r att denne har g\u00e4llande f\u00f6rs\u00e4kring, f\u00f6r att undvika on\u00f6diga hinder och oklarheter, vid eventuella behov. N\u00e4r du k\u00f6per en paketresa (oavsett arrang\u00f6r), g\u00e4ller paketreselagen, som ger Dig st\u00f6rre trygghet<\/p>\n<p><a href=\"https:\/\/jaktupplevelser.nu\/wp-content\/uploads\/2022\/12\/0-02-05-03e5940491f8976513b153c8e5ae1f6343faf0d36629037ca8fc757b55daa130_d35e576f0c6fb2e2.jpg\"><img loading=\"lazy\" decoding=\"async\" class=\"alignnone size-medium wp-image-275\" src=\"https:\/\/jaktupplevelser.nu\/wp-content\/uploads\/2022\/12\/0-02-05-03e5940491f8976513b153c8e5ae1f6343faf0d36629037ca8fc757b55daa130_d35e576f0c6fb2e2-225x300.jpg\" alt=\"Bonanza. Vildsvinsjakt i Polen\" width=\"225\" height=\"300\" srcset=\"https:\/\/jaktupplevelser.nu\/wp-content\/uploads\/2022\/12\/0-02-05-03e5940491f8976513b153c8e5ae1f6343faf0d36629037ca8fc757b55daa130_d35e576f0c6fb2e2-225x300.jpg 225w, https:\/\/jaktupplevelser.nu\/wp-content\/uploads\/2022\/12\/0-02-05-03e5940491f8976513b153c8e5ae1f6343faf0d36629037ca8fc757b55daa130_d35e576f0c6fb2e2-768x1024.jpg 768w, https:\/\/jaktupplevelser.nu\/wp-content\/uploads\/2022\/12\/0-02-05-03e5940491f8976513b153c8e5ae1f6343faf0d36629037ca8fc757b55daa130_d35e576f0c6fb2e2-1152x1536.jpg 1152w, https:\/\/jaktupplevelser.nu\/wp-content\/uploads\/2022\/12\/0-02-05-03e5940491f8976513b153c8e5ae1f6343faf0d36629037ca8fc757b55daa130_d35e576f0c6fb2e2.jpg 1200w\" sizes=\"auto, (max-width: 225px) 100vw, 225px\" \/><\/a><\/p>\n","protected":false},"excerpt":{"rendered":"<p>Som researrang\u00f6r omfattas v\u00e5ra resor av resegarantilagen samt lagen om paketresor Resegarantilag (1972:204) http:\/\/www.riksdagen.se\/sv\/Dokument-Lagar\/Lagar\/Svenskforfattningssamling\/Resegarantilag-1972204_sfs-1972-204\/ Lag (1992:1672) om paketresor http:\/\/www.riksdagen.se\/sv\/Dokument-Lagar\/Lagar\/Svenskforfattningssamling\/Lag-19921672-om-paketresor_sfs-1992-1672\/?bet=1992%3A1672 Avbest\u00e4llning V\u00e5r partner kr\u00e4ver en deposition vid bokning som inte \u00e4r \u00e5terbetalbar,\u00a0 varp\u00e5 inbetald deposition inte \u00e4r \u00e5terbetalbar vid eventuell avbest\u00e4llning. Skulle force majeure tr\u00e4da i kraft, \u00e5terbetalas hela beloppet Om kunden av n\u00e5gon orsak, som &hellip; <\/p>\n<p class=\"link-more\"><a href=\"https:\/\/jaktupplevelser.nu\/?page_id=40\" class=\"more-link\">Forts\u00e4tt l\u00e4sa<span class=\"screen-reader-text\"> \u201dVillkor\u201d<\/span><\/a><\/p>\n","protected":false},"author":1,"featured_media":0,"parent":0,"menu_order":0,"comment_status":"closed","ping_status":"closed","template":"","meta":{"footnotes":""},"class_list":["post-40","page","type-page","status-publish","hentry"],"yoast_head":"<!-- This site is optimized with the Yoast SEO plugin v26.9 - https:\/\/yoast.com\/product\/yoast-seo-wordpress\/ -->\n<title>Villkor - Jaktupplevelser i Polen<\/title>\n<meta name=\"description\" content=\"Vi har arrangerat jaktupplevelser i Polen sedan 2014 p\u00e5 jakt efter vildsvin och kronhjort. V\u00e5r konsult har svensk och polsk j\u00e4garexamen.\" \/>\n<meta name=\"robots\" content=\"index, follow, max-snippet:-1, max-image-preview:large, max-video-preview:-1\" \/>\n<link rel=\"canonical\" href=\"https:\/\/jaktupplevelser.nu\/?page_id=40\" \/>\n<meta property=\"og:locale\" content=\"sv_SE\" \/>\n<meta property=\"og:type\" content=\"article\" \/>\n<meta property=\"og:title\" content=\"Villkor - Jaktupplevelser i Polen\" \/>\n<meta property=\"og:description\" content=\"Vi har arrangerat jaktupplevelser i Polen sedan 2014 p\u00e5 jakt efter vildsvin och kronhjort. V\u00e5r konsult har svensk och polsk j\u00e4garexamen.\" \/>\n<meta property=\"og:url\" content=\"https:\/\/jaktupplevelser.nu\/?page_id=40\" \/>\n<meta property=\"og:site_name\" content=\"Jaktupplevelser i Polen\" \/>\n<meta property=\"article:modified_time\" content=\"2022-12-25T10:15:35+00:00\" \/>\n<meta property=\"og:image\" content=\"https:\/\/jaktupplevelser.nu\/wp-content\/uploads\/2022\/12\/0-02-05-03e5940491f8976513b153c8e5ae1f6343faf0d36629037ca8fc757b55daa130_d35e576f0c6fb2e2-225x300.jpg\" \/>\n<meta name=\"twitter:card\" content=\"summary_large_image\" \/>\n<meta name=\"twitter:label1\" content=\"Ber\u00e4knad l\u00e4stid\" \/>\n\t<meta name=\"twitter:data1\" content=\"1 minut\" \/>\n<script type=\"application\/ld+json\" class=\"yoast-schema-graph\">{\"@context\":\"https:\/\/schema.org\",\"@graph\":[{\"@type\":\"WebPage\",\"@id\":\"https:\/\/jaktupplevelser.nu\/?page_id=40\",\"url\":\"https:\/\/jaktupplevelser.nu\/?page_id=40\",\"name\":\"Villkor - Jaktupplevelser i Polen\",\"isPartOf\":{\"@id\":\"https:\/\/jaktupplevelser.nu\/#website\"},\"primaryImageOfPage\":{\"@id\":\"https:\/\/jaktupplevelser.nu\/?page_id=40#primaryimage\"},\"image\":{\"@id\":\"https:\/\/jaktupplevelser.nu\/?page_id=40#primaryimage\"},\"thumbnailUrl\":\"https:\/\/jaktupplevelser.nu\/wp-content\/uploads\/2022\/12\/0-02-05-03e5940491f8976513b153c8e5ae1f6343faf0d36629037ca8fc757b55daa130_d35e576f0c6fb2e2-225x300.jpg\",\"datePublished\":\"2017-03-24T16:13:55+00:00\",\"dateModified\":\"2022-12-25T10:15:35+00:00\",\"description\":\"Vi har arrangerat jaktupplevelser i Polen sedan 2014 p\u00e5 jakt efter vildsvin och kronhjort. V\u00e5r konsult har svensk och polsk j\u00e4garexamen.\",\"breadcrumb\":{\"@id\":\"https:\/\/jaktupplevelser.nu\/?page_id=40#breadcrumb\"},\"inLanguage\":\"sv-SE\",\"potentialAction\":[{\"@type\":\"ReadAction\",\"target\":[\"https:\/\/jaktupplevelser.nu\/?page_id=40\"]}]},{\"@type\":\"ImageObject\",\"inLanguage\":\"sv-SE\",\"@id\":\"https:\/\/jaktupplevelser.nu\/?page_id=40#primaryimage\",\"url\":\"https:\/\/jaktupplevelser.nu\/wp-content\/uploads\/2022\/12\/0-02-05-03e5940491f8976513b153c8e5ae1f6343faf0d36629037ca8fc757b55daa130_d35e576f0c6fb2e2.jpg\",\"contentUrl\":\"https:\/\/jaktupplevelser.nu\/wp-content\/uploads\/2022\/12\/0-02-05-03e5940491f8976513b153c8e5ae1f6343faf0d36629037ca8fc757b55daa130_d35e576f0c6fb2e2.jpg\",\"width\":1200,\"height\":1600,\"caption\":\"Bonanza. Vildsvinsjakt i Polen\"},{\"@type\":\"BreadcrumbList\",\"@id\":\"https:\/\/jaktupplevelser.nu\/?page_id=40#breadcrumb\",\"itemListElement\":[{\"@type\":\"ListItem\",\"position\":1,\"name\":\"Hem\",\"item\":\"https:\/\/jaktupplevelser.nu\/\"},{\"@type\":\"ListItem\",\"position\":2,\"name\":\"Villkor\"}]},{\"@type\":\"WebSite\",\"@id\":\"https:\/\/jaktupplevelser.nu\/#website\",\"url\":\"https:\/\/jaktupplevelser.nu\/\",\"name\":\"Jaktupplevelser i Polen\",\"description\":\"Vildsvin och kronhjortsjakt\",\"publisher\":{\"@id\":\"https:\/\/jaktupplevelser.nu\/#organization\"},\"potentialAction\":[{\"@type\":\"SearchAction\",\"target\":{\"@type\":\"EntryPoint\",\"urlTemplate\":\"https:\/\/jaktupplevelser.nu\/?s={search_term_string}\"},\"query-input\":{\"@type\":\"PropertyValueSpecification\",\"valueRequired\":true,\"valueName\":\"search_term_string\"}}],\"inLanguage\":\"sv-SE\"},{\"@type\":\"Organization\",\"@id\":\"https:\/\/jaktupplevelser.nu\/#organization\",\"name\":\"Jaktupplevelser i Polen\",\"url\":\"https:\/\/jaktupplevelser.nu\/\",\"logo\":{\"@type\":\"ImageObject\",\"inLanguage\":\"sv-SE\",\"@id\":\"https:\/\/jaktupplevelser.nu\/#\/schema\/logo\/image\/\",\"url\":\"https:\/\/jaktupplevelser.nu\/wp-content\/uploads\/2017\/03\/cropped-Vinter-2-1.jpg\",\"contentUrl\":\"https:\/\/jaktupplevelser.nu\/wp-content\/uploads\/2017\/03\/cropped-Vinter-2-1.jpg\",\"width\":193,\"height\":250,\"caption\":\"Jaktupplevelser i Polen\"},\"image\":{\"@id\":\"https:\/\/jaktupplevelser.nu\/#\/schema\/logo\/image\/\"}}]}<\/script>\n<!-- \/ Yoast SEO plugin. -->","yoast_head_json":{"title":"Villkor - Jaktupplevelser i Polen","description":"Vi har arrangerat jaktupplevelser i Polen sedan 2014 p\u00e5 jakt efter vildsvin och kronhjort. V\u00e5r konsult har svensk och polsk j\u00e4garexamen.","robots":{"index":"index","follow":"follow","max-snippet":"max-snippet:-1","max-image-preview":"max-image-preview:large","max-video-preview":"max-video-preview:-1"},"canonical":"https:\/\/jaktupplevelser.nu\/?page_id=40","og_locale":"sv_SE","og_type":"article","og_title":"Villkor - Jaktupplevelser i Polen","og_description":"Vi har arrangerat jaktupplevelser i Polen sedan 2014 p\u00e5 jakt efter vildsvin och kronhjort. V\u00e5r konsult har svensk och polsk j\u00e4garexamen.","og_url":"https:\/\/jaktupplevelser.nu\/?page_id=40","og_site_name":"Jaktupplevelser i Polen","article_modified_time":"2022-12-25T10:15:35+00:00","og_image":[{"url":"https:\/\/jaktupplevelser.nu\/wp-content\/uploads\/2022\/12\/0-02-05-03e5940491f8976513b153c8e5ae1f6343faf0d36629037ca8fc757b55daa130_d35e576f0c6fb2e2-225x300.jpg","type":"","width":"","height":""}],"twitter_card":"summary_large_image","twitter_misc":{"Ber\u00e4knad l\u00e4stid":"1 minut"},"schema":{"@context":"https:\/\/schema.org","@graph":[{"@type":"WebPage","@id":"https:\/\/jaktupplevelser.nu\/?page_id=40","url":"https:\/\/jaktupplevelser.nu\/?page_id=40","name":"Villkor - Jaktupplevelser i Polen","isPartOf":{"@id":"https:\/\/jaktupplevelser.nu\/#website"},"primaryImageOfPage":{"@id":"https:\/\/jaktupplevelser.nu\/?page_id=40#primaryimage"},"image":{"@id":"https:\/\/jaktupplevelser.nu\/?page_id=40#primaryimage"},"thumbnailUrl":"https:\/\/jaktupplevelser.nu\/wp-content\/uploads\/2022\/12\/0-02-05-03e5940491f8976513b153c8e5ae1f6343faf0d36629037ca8fc757b55daa130_d35e576f0c6fb2e2-225x300.jpg","datePublished":"2017-03-24T16:13:55+00:00","dateModified":"2022-12-25T10:15:35+00:00","description":"Vi har arrangerat jaktupplevelser i Polen sedan 2014 p\u00e5 jakt efter vildsvin och kronhjort. V\u00e5r konsult har svensk och polsk j\u00e4garexamen.","breadcrumb":{"@id":"https:\/\/jaktupplevelser.nu\/?page_id=40#breadcrumb"},"inLanguage":"sv-SE","potentialAction":[{"@type":"ReadAction","target":["https:\/\/jaktupplevelser.nu\/?page_id=40"]}]},{"@type":"ImageObject","inLanguage":"sv-SE","@id":"https:\/\/jaktupplevelser.nu\/?page_id=40#primaryimage","url":"https:\/\/jaktupplevelser.nu\/wp-content\/uploads\/2022\/12\/0-02-05-03e5940491f8976513b153c8e5ae1f6343faf0d36629037ca8fc757b55daa130_d35e576f0c6fb2e2.jpg","contentUrl":"https:\/\/jaktupplevelser.nu\/wp-content\/uploads\/2022\/12\/0-02-05-03e5940491f8976513b153c8e5ae1f6343faf0d36629037ca8fc757b55daa130_d35e576f0c6fb2e2.jpg","width":1200,"height":1600,"caption":"Bonanza. Vildsvinsjakt i Polen"},{"@type":"BreadcrumbList","@id":"https:\/\/jaktupplevelser.nu\/?page_id=40#breadcrumb","itemListElement":[{"@type":"ListItem","position":1,"name":"Hem","item":"https:\/\/jaktupplevelser.nu\/"},{"@type":"ListItem","position":2,"name":"Villkor"}]},{"@type":"WebSite","@id":"https:\/\/jaktupplevelser.nu\/#website","url":"https:\/\/jaktupplevelser.nu\/","name":"Jaktupplevelser i Polen","description":"Vildsvin och kronhjortsjakt","publisher":{"@id":"https:\/\/jaktupplevelser.nu\/#organization"},"potentialAction":[{"@type":"SearchAction","target":{"@type":"EntryPoint","urlTemplate":"https:\/\/jaktupplevelser.nu\/?s={search_term_string}"},"query-input":{"@type":"PropertyValueSpecification","valueRequired":true,"valueName":"search_term_string"}}],"inLanguage":"sv-SE"},{"@type":"Organization","@id":"https:\/\/jaktupplevelser.nu\/#organization","name":"Jaktupplevelser i Polen","url":"https:\/\/jaktupplevelser.nu\/","logo":{"@type":"ImageObject","inLanguage":"sv-SE","@id":"https:\/\/jaktupplevelser.nu\/#\/schema\/logo\/image\/","url":"https:\/\/jaktupplevelser.nu\/wp-content\/uploads\/2017\/03\/cropped-Vinter-2-1.jpg","contentUrl":"https:\/\/jaktupplevelser.nu\/wp-content\/uploads\/2017\/03\/cropped-Vinter-2-1.jpg","width":193,"height":250,"caption":"Jaktupplevelser i Polen"},"image":{"@id":"https:\/\/jaktupplevelser.nu\/#\/schema\/logo\/image\/"}}]}},"_links":{"self":[{"href":"https:\/\/jaktupplevelser.nu\/index.php?rest_route=\/wp\/v2\/pages\/40","targetHints":{"allow":["GET"]}}],"collection":[{"href":"https:\/\/jaktupplevelser.nu\/index.php?rest_route=\/wp\/v2\/pages"}],"about":[{"href":"https:\/\/jaktupplevelser.nu\/index.php?rest_route=\/wp\/v2\/types\/page"}],"author":[{"embeddable":true,"href":"https:\/\/jaktupplevelser.nu\/index.php?rest_route=\/wp\/v2\/users\/1"}],"replies":[{"embeddable":true,"href":"https:\/\/jaktupplevelser.nu\/index.php?rest_route=%2Fwp%2Fv2%2Fcomments&post=40"}],"version-history":[{"count":11,"href":"https:\/\/jaktupplevelser.nu\/index.php?rest_route=\/wp\/v2\/pages\/40\/revisions"}],"predecessor-version":[{"id":289,"href":"https:\/\/jaktupplevelser.nu\/index.php?rest_route=\/wp\/v2\/pages\/40\/revisions\/289"}],"wp:attachment":[{"href":"https:\/\/jaktupplevelser.nu\/index.php?rest_route=%2Fwp%2Fv2%2Fmedia&parent=40"}],"curies":[{"name":"wp","href":"https:\/\/api.w.org\/{rel}","templated":true}]}}